{"id":3,"date":"2024-04-29T19:30:34","date_gmt":"2024-04-29T17:30:34","guid":{"rendered":"http:\/\/dreamestate.ae\/?page_id=3"},"modified":"2024-07-10T23:21:17","modified_gmt":"2024-07-10T21:21:17","slug":"veri\u0307-koruma-beyani","status":"publish","type":"page","link":"https:\/\/dreamestate.ae\/tr\/veri\u0307-koruma-beyani\/","title":{"rendered":"Gizlilik Politikas\u0131"},"content":{"rendered":"<h2 class=\"wp-block-heading\">Dream Estate Real Estate Dubai Gizlilik Politikas\u0131<\/h2>\n\n\n\n<h3 class=\"wp-block-heading\">1. veri\u0307 korumaya genel baki\u015f<\/h3>\n\n\n\n<p><strong>Genel bilgi<\/strong><\/p>\n\n\n\n<p>A\u015fa\u011f\u0131daki bilgiler, web sitemizi ziyaret etti\u011finizde ki\u015fisel verilerinize ne oldu\u011funa dair kolay anla\u015f\u0131l\u0131r bir genel bak\u0131\u015f sa\u011flar. \"Ki\u015fisel veriler\" terimi, sizi ki\u015fisel olarak tan\u0131mlamak i\u00e7in kullan\u0131labilecek t\u00fcm verileri i\u00e7erir. Veri koruma konusuyla ilgili ayr\u0131nt\u0131l\u0131 bilgileri gizlilik politikam\u0131z\u0131n tamam\u0131nda bulabilirsiniz.<\/p>\n\n\n\n<p><strong>Bu web sitesinde veri toplama<\/strong><\/p>\n\n\n\n<p><strong>Bu web sitesinde veri toplanmas\u0131ndan kim sorumludur?<\/strong><br>Bu web sitesindeki veriler web sitesinin operat\u00f6r\u00fc taraf\u0131ndan i\u015flenmektedir. \u0130leti\u015fim bilgileri, bu gizlilik politikas\u0131ndaki \"Kontrol\u00f6r hakk\u0131nda bilgiler\" b\u00f6l\u00fcm\u00fcnde bulunabilir.<\/p>\n\n\n\n<p><strong>Verilerinizi nas\u0131l topluyoruz?<\/strong><br>Verileriniz, \u00f6rne\u011fin bir ileti\u015fim formuna girerek bize sa\u011flad\u0131\u011f\u0131n\u0131zda toplan\u0131r. Di\u011fer veriler, web sitesini ziyaret etti\u011finiz anda BT sistemlerimiz taraf\u0131ndan otomatik olarak toplan\u0131r. Otomatik olarak toplanan bu veriler taray\u0131c\u0131, i\u015fletim sistemi veya eri\u015fim s\u00fcresi gibi teknik bilgileri i\u00e7erir.<\/p>\n\n\n\n<p><strong>Verilerinizi hangi ama\u00e7larla kullan\u0131yoruz?<\/strong><br>Verilerin bir k\u0131sm\u0131, web sitesinin hatas\u0131z bir \u015fekilde sunulmas\u0131n\u0131 sa\u011flamak i\u00e7in toplan\u0131r. Di\u011fer veriler kullan\u0131c\u0131 davran\u0131\u015f\u0131n\u0131z\u0131 analiz etmek i\u00e7in kullan\u0131labilir.<\/p>\n\n\n\n<p><strong>Verilerinizle ilgili hangi haklara sahipsiniz?<\/strong><br>Saklanan ki\u015fisel verilerinizin kayna\u011f\u0131, al\u0131c\u0131s\u0131 ve amac\u0131 hakk\u0131nda istedi\u011finiz zaman bilgi alma hakk\u0131na sahipsiniz. Ayr\u0131ca bu verilerin d\u00fczeltilmesini veya silinmesini talep etme hakk\u0131na da sahipsiniz. Gelecek i\u00e7in veri i\u015fleme izninizi istedi\u011finiz zaman iptal edebilirsiniz. Ayr\u0131ca, verilerinizin i\u015flenmesinin k\u0131s\u0131tlanmas\u0131n\u0131 talep etme ve yetkili denetim makam\u0131na \u015fikayette bulunma hakk\u0131na sahipsiniz.<\/p>\n\n\n\n<p><strong>\u00dc\u00e7\u00fcnc\u00fc taraf sa\u011flay\u0131c\u0131lar\u0131n analiz ara\u00e7lar\u0131 ve ara\u00e7lar\u0131<\/strong><br>Web sitemizi ziyaret etti\u011finizde gezinme davran\u0131\u015f\u0131n\u0131z istatistiksel olarak de\u011ferlendirilebilir. Bu esas olarak s\u00f6zde analiz programlar\u0131 ile yap\u0131l\u0131r. Bu konuda ayr\u0131nt\u0131l\u0131 bilgiyi gizlilik politikam\u0131zda bulabilirsiniz.<\/p>\n\n\n\n<h3 class=\"wp-block-heading\">2. bar\u0131nd\u0131rma<\/h3>\n\n\n\n<p><strong>Harici bar\u0131nd\u0131rma<\/strong><br>Web sitemiz harici bir hizmet sa\u011flay\u0131c\u0131 (hoster) taraf\u0131ndan bar\u0131nd\u0131r\u0131lmaktad\u0131r. Bu web sitesinde toplanan ki\u015fisel veriler, bar\u0131nd\u0131r\u0131c\u0131n\u0131n sunucular\u0131nda saklan\u0131r. Buna IP adresleri, ileti\u015fim talepleri, meta veriler ve ileti\u015fim verileri, s\u00f6zle\u015fme verileri, ileti\u015fim bilgileri, isimler, web sitesi eri\u015fimleri ve bir web sitesi arac\u0131l\u0131\u011f\u0131yla olu\u015fturulan di\u011fer veriler dahildir.<\/p>\n\n\n\n<p><strong>Veri i\u015fleme<\/strong><br>Hosterimizle, ki\u015fisel verileri yaln\u0131zca talimatlar\u0131m\u0131za uygun olarak ve GDPR'ye uygun olarak i\u015flemesini sa\u011flayan bir veri i\u015fleme s\u00f6zle\u015fmesi (DPA) imzalad\u0131k.<\/p>\n\n\n\n<h3 class=\"wp-block-heading\">3. genel bi\u0307lgi\u0307ler ve zorunlu bi\u0307lgi\u0307ler<\/h3>\n\n\n\n<p><strong>Veri koruma<\/strong><br>Ki\u015fisel verilerinizin korunmas\u0131n\u0131 \u00e7ok ciddiye al\u0131yoruz ve ki\u015fisel verilerinizi gizli bir \u015fekilde ve yasal veri koruma d\u00fczenlemelerine ve bu gizlilik politikas\u0131na uygun olarak ele al\u0131yoruz.<\/p>\n\n\n\n<p><strong>Sorumlu kurulu\u015f<\/strong><br>Bu web sitesindeki veri i\u015flemeden sorumlu kontrol\u00f6r<br><\/p>\n\n\n\n<p>Nami Shams<\/p>\n\n\n\n<p><a href=\"https:\/\/www.google.com\/maps\/place\/\/data=!4m2!3m1!1s0x3e5f439e2f25296f:0x8ec0d602a584383b?sa=X&amp;ved=1t:8290&amp;hl=de&amp;ictx=111\" target=\"_blank\" rel=\"noopener\">Saaha Office B - Downtown Dubai - Dubai - Birle\u015fik Arap Emirlikleri<\/a><br>Birle\u015fik Arap Emirlikleri<br>Telefon: <a href=\"https:\/\/www.google.com\/search?q=Dream Estate+Real+Estate+UAE&amp;stick=H4sIAAAAAAAA_-NgU1I1qDBONU0zMbZMNUozMjWyNEuzMqiwSE02SDEzMEo0tTAxtjBOWsQq7lpckliSU6kQlJqYowDmpCqEOroCADbSaHRDAAAA&amp;hl=de&amp;mat=CdB3Myga_MNyElcBEKoLaU0H4v-vjJcUbZvZaChrVLfccS32p9l0VPxF79AG9PHiqgboJEqZXWyGIZtij4fhkrq9tl3Laslg5Euw1agTeVE0FMl9AZPw7e-mkkAT0BbyrpU&amp;authuser=2#\" target=\"_blank\" rel=\"noopener\">+971 54 498 4985<\/a><\/p>\n\n\n\n<p>E-posta: hello@dreamestate.ae<\/p>\n\n\n\n<p><strong>Depolama s\u00fcresi<\/strong><br>Bu gizlilik politikas\u0131nda belirli bir saklama s\u00fcresi belirtilmedi\u011fi s\u00fcrece, ki\u015fisel verileriniz veri saklama amac\u0131 art\u0131k ge\u00e7erli olmayana kadar bizde kalacakt\u0131r. Silme talebinde bulunursan\u0131z veya veri i\u015fleme izninizi iptal ederseniz, yasal saklama s\u00fcreleri olmamas\u0131 ko\u015fuluyla verileriniz silinecektir.<\/p>\n\n\n\n<p><strong>\u00dc\u00e7\u00fcnc\u00fc \u00fclkelere veri aktar\u0131m\u0131 hakk\u0131nda bilgi<\/strong><br>Di\u011fer \u015feylerin yan\u0131 s\u0131ra, ABD'deki \u015firketlerin veya g\u00fcvenli olmayan veri koruma yasalar\u0131na sahip di\u011fer \u00fc\u00e7\u00fcnc\u00fc \u00fclkelerin ara\u00e7lar\u0131n\u0131 kullan\u0131yoruz. Bu \u00fclkelerde AB'ye e\u015fde\u011fer bir veri korumas\u0131 garanti edilemez. \u00d6rne\u011fin, ABD \u015firketleri ki\u015fisel verileri g\u00fcvenlik makamlar\u0131na teslim etmekle y\u00fck\u00fcml\u00fcd\u00fcr ve siz veri sahibi olarak buna kar\u015f\u0131 yasal i\u015flem ba\u015flatamazs\u0131n\u0131z. Bu veri aktar\u0131mlar\u0131 AB Komisyonu'nun Standart S\u00f6zle\u015fme Maddeleri (SCC) temelinde ger\u00e7ekle\u015fir.<\/p>\n\n\n\n<p><strong>Veri i\u015fleme izninizin iptali<\/strong><br>Bir\u00e7ok veri i\u015fleme i\u015flemi yaln\u0131zca sizin a\u00e7\u0131k r\u0131zan\u0131zla m\u00fcmk\u00fcnd\u00fcr. Onay\u0131n\u0131z\u0131, geri \u00e7ekilmeden \u00f6nceki onaya dayal\u0131 i\u015flemenin yasall\u0131\u011f\u0131n\u0131 etkilemeden istedi\u011finiz zaman geri \u00e7ekebilirsiniz.<\/p>\n\n\n\n<p><strong>\u00d6zel durumlarda verilerin toplanmas\u0131na ve do\u011frudan pazarlamaya itiraz etme hakk\u0131 (GDPR Madde 21)<\/strong><br>Verileriniz GDPR Madde 6(1)(e) veya (f) temelinde i\u015fleniyorsa, \u00f6zel durumunuzla ilgili gerek\u00e7elerle istedi\u011finiz zaman i\u015flemeye itiraz etme hakk\u0131na sahipsiniz. Verileriniz do\u011frudan pazarlama amac\u0131yla i\u015fleniyorsa, istedi\u011finiz zaman itiraz etme hakk\u0131na da sahipsiniz.<\/p>\n\n\n\n<p><strong>Yetkili denetim makam\u0131na \u015fikayette bulunma hakk\u0131<\/strong><br>GDPR'nin ihlal edilmesi durumunda, ilgili ki\u015filer bir denetim makam\u0131na \u015fikayette bulunma hakk\u0131na sahiptir.<\/p>\n\n\n\n<p><strong>Veri ta\u015f\u0131nabilirli\u011fi hakk\u0131<\/strong><br>Onay\u0131n\u0131za dayanarak veya bir s\u00f6zle\u015fmenin yerine getirilmesi i\u00e7in otomatik olarak i\u015fledi\u011fimiz verilerin size veya \u00fc\u00e7\u00fcnc\u00fc bir tarafa yayg\u0131n olarak kullan\u0131lan, makine taraf\u0131ndan okunabilir bir formatta teslim edilmesini sa\u011flama hakk\u0131na sahipsiniz.<\/p>\n\n\n\n<p><strong>SSL ve\/veya TLS \u015fifreleme<\/strong><br>Diese Website verwendet aus Sicherheitsgr\u00fcnden und zum Schutz der \u00dcbertragung vertraulicher Inhalte eine SSL- bzw. TLS-Verschl\u00fcsselung. Eine verschl\u00fcsselte Verbindung erkennen Sie daran, dass die Adresszeile des Browsers von &#8222;http:\/\/&#8220; auf &#8222;https:\/\/&#8220; wechselt und ein Schloss-Symbol in der Browserzeile erscheint.<\/p>\n\n\n\n<p><strong>Bu web sitesinde \u015fifreli \u00f6deme i\u015flemleri<\/strong><br>\u00dccrete dayal\u0131 bir s\u00f6zle\u015fmenin imzalanmas\u0131ndan sonra \u00f6deme verilerinizi bize iletme zorunlulu\u011fu varsa, bu iletim yaln\u0131zca \u015fifreli SSL veya TLS ba\u011flant\u0131lar\u0131 arac\u0131l\u0131\u011f\u0131yla ger\u00e7ekle\u015fecektir.<\/p>\n\n\n\n<p><strong>Verilerin d\u00fczeltilmesi ve silinmesine ili\u015fkin bilgiler<\/strong><br>Saklanan ki\u015fisel verileriniz, bunlar\u0131n kayna\u011f\u0131 ve al\u0131c\u0131s\u0131 ile i\u015fleme amac\u0131 hakk\u0131nda bilgi alma hakk\u0131na sahipsiniz. Ayr\u0131ca bu verilerin d\u00fczeltilmesini veya silinmesini talep etme hakk\u0131na da sahipsiniz.<\/p>\n\n\n\n<p><strong>\u0130\u015flemenin k\u0131s\u0131tlanmas\u0131 hakk\u0131<\/strong><br>A\u015fa\u011f\u0131daki ko\u015fullardan birinin kar\u015f\u0131lanmas\u0131 halinde ki\u015fisel verilerinizin i\u015flenmesinin k\u0131s\u0131tlanmas\u0131n\u0131 talep etme hakk\u0131na sahipsiniz:<\/p>\n\n\n\n<ul class=\"wp-block-list\">\n<li>Taraf\u0131m\u0131zca saklanan verilerinizin do\u011frulu\u011funa itiraz ediyorsunuz.<\/li>\n\n\n\n<li>Verilerinizin i\u015flenmesi hukuka ayk\u0131r\u0131d\u0131r, ancak verileri silmeyi reddedersiniz.<\/li>\n\n\n\n<li>Verilerinize art\u0131k ihtiyac\u0131m\u0131z yok, ancak yasal taleplerin ileri s\u00fcr\u00fclmesi, uygulanmas\u0131 veya savunulmas\u0131 i\u00e7in verilerinize ihtiyac\u0131n\u0131z var.<\/li>\n\n\n\n<li>Kimin \u00e7\u0131karlar\u0131n\u0131n \u00fcst\u00fcn geldi\u011fi hen\u00fcz belirlenmedi\u011fi s\u00fcrece verilerinizin i\u015flenmesine itiraz ettiniz.<\/li>\n<\/ul>\n\n\n\n<h3 class=\"wp-block-heading\">4. Bu web sitesinde veri toplama<\/h3>\n\n\n\n<p><strong>\u00c7erezler<\/strong><br>Web sitemizde \u00e7erezler kullan\u0131lmaktad\u0131r. \u00c7erezler, son cihaz\u0131n\u0131za herhangi bir zarar vermeyen k\u00fc\u00e7\u00fck metin dosyalar\u0131d\u0131r. Baz\u0131 \u00e7erezler, web sitesinin belirli i\u015flevlerini sa\u011flamak i\u00e7in teknik olarak gereklidir. Di\u011fer \u00e7erezler kullan\u0131c\u0131 davran\u0131\u015f\u0131n\u0131 analiz etmek veya reklam g\u00f6stermek i\u00e7in kullan\u0131l\u0131r.<\/p>\n\n\n\n<p><strong>\u0130leti\u015fim formu<\/strong><br>\u0130leti\u015fim formu arac\u0131l\u0131\u011f\u0131yla bize soru g\u00f6nderirseniz, orada sa\u011flad\u0131\u011f\u0131n\u0131z ileti\u015fim bilgileri de dahil olmak \u00fczere, talep formundaki bilgileriniz, talebin i\u015flenmesi amac\u0131yla ve takip sorular\u0131 durumunda saklanacakt\u0131r. Bu verileri sizin izniniz olmadan aktarmayaca\u011f\u0131z.<\/p>\n\n\n\n<p><strong>E-posta, telefon veya faks yoluyla soru sorma<\/strong><br>Bizimle e-posta, telefon veya faks yoluyla ileti\u015fime ge\u00e7erseniz, talebinizi i\u015fleme koymak amac\u0131yla, ortaya \u00e7\u0131kan t\u00fcm ki\u015fisel veriler (isim, talep) dahil olmak \u00fczere talebinizi saklayacak ve i\u015fleyece\u011fiz. Bu verileri sizin izniniz olmadan aktarmayaca\u011f\u0131z.<\/p>\n\n\n\n<p><strong>WhatsApp \u00fczerinden ileti\u015fim<\/strong><br>M\u00fc\u015fterilerimizle ileti\u015fim kurmak i\u00e7in di\u011ferlerinin yan\u0131 s\u0131ra WhatsApp kullan\u0131yoruz. \u0130leti\u015fim u\u00e7tan uca \u015fifrelenir. Ancak, WhatsApp ileti\u015fim meta verilerine eri\u015fim sa\u011flar. WhatsApp, h\u0131zl\u0131 ve etkili ileti\u015fim konusundaki me\u015fru menfaatimiz veya sizin izniniz temelinde kullan\u0131lmaktad\u0131r.<\/p>\n\n\n\n<h3 class=\"wp-block-heading\">5. sosyal medya<\/h3>\n\n\n\n<p><strong>Instagram eklentisi<\/strong><br>Web sitemiz, Facebook Ireland Ltd. taraf\u0131ndan sa\u011flanan Instagram platformunun i\u015flevlerini kullanmaktad\u0131r. Instagram hesab\u0131n\u0131za giri\u015f yapt\u0131ysan\u0131z ve Instagram d\u00fc\u011fmesine t\u0131klarsan\u0131z, Instagram bu web sitesini ziyaretinizi kullan\u0131c\u0131 hesab\u0131n\u0131zla ili\u015fkilendirebilir. Aktar\u0131lan verilerin i\u00e7eri\u011fi ve Instagram taraf\u0131ndan kullan\u0131m\u0131 hakk\u0131nda hi\u00e7bir bilgimiz yoktur.<\/p>\n\n\n\n<h3 class=\"wp-block-heading\">6. analiz ara\u00e7lar\u0131 ve reklamc\u0131l\u0131k<\/h3>\n\n\n\n<p><strong>WordPress istatistikleri<\/strong><br>Unsere Website nutzt &#8222;WordPress Statistics&#8220; zur anonymen Analyse der Besucherzugriffe. Die Informationen \u00fcber die Nutzung dieser Website werden auf Servern in den USA gespeichert. Ihre IP-Adresse wird vor der Speicherung anonymisiert.<\/p>\n\n\n\n<p><strong>Facebook pikseli<\/strong><br>Bu web sitesi d\u00f6n\u00fc\u015f\u00fcm oranlar\u0131n\u0131 \u00f6l\u00e7mek i\u00e7in Facebook pikselini kullanmaktad\u0131r. Bu hizmet Facebook Ireland Limited taraf\u0131ndan sunulmaktad\u0131r. Facebook pikseli, bir Facebook reklam\u0131na t\u0131klad\u0131ktan sonra site ziyaret\u00e7ilerinin izlenmesini sa\u011flar. Veriler anonim olarak toplan\u0131r, ancak Facebook taraf\u0131ndan saklan\u0131r ve i\u015flenir.<\/p>\n\n\n\n<h3 class=\"wp-block-heading\">7. eklentiler ve ara\u00e7lar<\/h3>\n\n\n\n<p><strong>YouTube<\/strong><br>Bu web sitesi YouTube'dan videolar yerle\u015ftirmektedir. Sitenin i\u015fletmecisi Google Ireland Limited'dir. YouTube videosu i\u00e7eren bir sayfay\u0131 ziyaret etti\u011finizde, YouTube sunucular\u0131na bir ba\u011flant\u0131 kurulur.<\/p>\n\n\n\n<p><strong>Zapier<\/strong><br>Web sitemiz, \u00e7e\u015fitli i\u015flevleri ve ara\u00e7lar\u0131 entegre etmek ve senkronize etmek i\u00e7in Zapier'i kullan\u0131r. Kullan\u0131lan ara\u00e7lar\u0131n etkin kullan\u0131m\u0131na ili\u015fkin me\u015fru menfaatimiz temelinde kullan\u0131l\u0131r.<\/p>\n\n\n\n<h2 class=\"wp-block-heading\">#<\/h2>\n\n\n\n<ol class=\"wp-block-list\" start=\"8\">\n<li>\u00c7evrimi\u00e7i pazarlama ve i\u015f orta\u011f\u0131 programlar\u0131<\/li>\n<\/ol>\n\n\n\n<p><strong>Ortakl\u0131k programlar\u0131<\/strong><br>Web sitemiz sat\u0131\u015f ortakl\u0131\u011f\u0131 programlar\u0131na kat\u0131lmaktad\u0131r. Bir reklama t\u0131klar ve bir i\u015flem ger\u00e7ekle\u015ftirirseniz, bir komisyon al\u0131r\u0131z. Ortaklar\u0131m\u0131z bu ama\u00e7la \u00e7erezleri veya benzer teknolojileri kullan\u0131r.<\/p>\n\n\n\n<h3 class=\"wp-block-heading\">9. e-ticaret ve \u00f6deme hizmeti sa\u011flay\u0131c\u0131lar\u0131<\/h3>\n\n\n\n<p><strong>Verilerin i\u015flenmesi (m\u00fc\u015fteri ve s\u00f6zle\u015fme verileri)<\/strong><br>Ki\u015fisel verileri yaln\u0131zca yasal ili\u015fkinin kurulmas\u0131, i\u00e7eri\u011fi veya de\u011fi\u015ftirilmesi i\u00e7in gerekli oldu\u011fu \u00f6l\u00e7\u00fcde toplar, i\u015fler ve kullan\u0131r\u0131z. Toplanan m\u00fc\u015fteri verileri, sipari\u015fin tamamlanmas\u0131ndan veya i\u015f ili\u015fkisinin sona ermesinden sonra silinecektir.<\/p>\n\n\n\n<p><strong>S\u00f6zle\u015fmenin imzalanmas\u0131 \u00fczerine veri aktar\u0131m\u0131<\/strong><br>Ki\u015fisel verileri \u00fc\u00e7\u00fcnc\u00fc taraflara yaln\u0131zca s\u00f6zle\u015fme i\u015fleme ba\u011flam\u0131nda gerekli olmas\u0131 halinde aktar\u0131yoruz, \u00f6rne\u011fin \u00f6demelerin i\u015flenmesinden sorumlu kredi kurulu\u015funa.<\/p>\n\n\n\n<p><strong>\u00d6deme hizmetleri<\/strong><br>Web sitemize PayPal, Apple Pay, Google Pay ve Sofort\u00fcberweisung gibi \u00fc\u00e7\u00fcnc\u00fc taraf \u00f6deme hizmetlerini entegre ediyoruz. Bu i\u015flemler i\u00e7in sa\u011flay\u0131c\u0131lar\u0131n ilgili veri koruma h\u00fck\u00fcmleri ge\u00e7erlidir.<\/p>\n\n\n\n<h3 class=\"wp-block-heading\">10. \u00e7evrimi\u00e7i tabanl\u0131 sesli ve g\u00f6r\u00fcnt\u00fcl\u00fc konferanslar (konferans ara\u00e7lar\u0131)<\/h3>\n\n\n\n<p><strong>Veri i\u015fleme<\/strong><br>M\u00fc\u015fterilerimizle ileti\u015fim kurmak i\u00e7in Zoom gibi \u00e7evrimi\u00e7i konferans ara\u00e7lar\u0131n\u0131 kullan\u0131yoruz. Bu ara\u00e7lar, e-posta adresi ve telefon numaras\u0131 gibi kullan\u0131m i\u00e7in gerekli verilerin yan\u0131 s\u0131ra konferans meta verilerini de toplar. Ara\u00e7 i\u00e7inde de\u011fi\u015f toku\u015f edilen i\u00e7erik de sa\u011flay\u0131c\u0131n\u0131n sunucular\u0131nda saklan\u0131r.<\/p>\n\n\n\n<p><strong>Ama\u00e7 ve yasal dayanak<\/strong><br>Konferans ara\u00e7lar\u0131, s\u00f6zle\u015fmeleri yerine getirmek i\u00e7in veya verimli ileti\u015fim konusundaki me\u015fru menfaatimiz temelinde kullan\u0131l\u0131r. Onay al\u0131nm\u0131\u015fsa, ara\u00e7lar bu onay temelinde kullan\u0131l\u0131r.<\/p>\n\n\n\n<p><strong>Depolama s\u00fcresi<\/strong><br>Konferans ara\u00e7lar\u0131 arac\u0131l\u0131\u011f\u0131yla toplanan veriler, art\u0131k gerekli olmad\u0131\u011f\u0131nda, onay\u0131n\u0131z\u0131 geri \u00e7ekti\u011finizde veya veri saklama amac\u0131 art\u0131k ge\u00e7erli olmad\u0131\u011f\u0131nda silinecektir.<\/p>","protected":false},"excerpt":{"rendered":"<p>Datenschutzrichtlinie von Dream Estate Real Estate Dubai 1. \u00dcberblick \u00fcber den Datenschutz Allgemeine Informationen Die folgenden Informationen bieten Ihnen einen leicht verst\u00e4ndlichen \u00dcberblick dar\u00fcber, was mit Ihren personenbezogenen Daten passiert, wenn Sie unsere Website besuchen. Der Begriff \u201cpersonenbezogene Daten\u201d umfasst alle Daten, mit denen Sie pers\u00f6nlich identifiziert werden k\u00f6nnen. Ausf\u00fchrliche Informationen zum Thema Datenschutz finden [&hellip;]<\/p>","protected":false},"author":1,"featured_media":0,"parent":0,"menu_order":0,"comment_status":"closed","ping_status":"open","template":"","meta":{"_acf_changed":false,"content-type":"","footnotes":""},"class_list":["post-3","page","type-page","status-publish","hentry"],"acf":[],"_links":{"self":[{"href":"https:\/\/dreamestate.ae\/tr\/wp-json\/wp\/v2\/pages\/3","targetHints":{"allow":["GET"]}}],"collection":[{"href":"https:\/\/dreamestate.ae\/tr\/wp-json\/wp\/v2\/pages"}],"about":[{"href":"https:\/\/dreamestate.ae\/tr\/wp-json\/wp\/v2\/types\/page"}],"author":[{"embeddable":true,"href":"https:\/\/dreamestate.ae\/tr\/wp-json\/wp\/v2\/users\/1"}],"replies":[{"embeddable":true,"href":"https:\/\/dreamestate.ae\/tr\/wp-json\/wp\/v2\/comments?post=3"}],"version-history":[{"count":2,"href":"https:\/\/dreamestate.ae\/tr\/wp-json\/wp\/v2\/pages\/3\/revisions"}],"predecessor-version":[{"id":24013,"href":"https:\/\/dreamestate.ae\/tr\/wp-json\/wp\/v2\/pages\/3\/revisions\/24013"}],"wp:attachment":[{"href":"https:\/\/dreamestate.ae\/tr\/wp-json\/wp\/v2\/media?parent=3"}],"curies":[{"name":"wp","href":"https:\/\/api.w.org\/{rel}","templated":true}]}}